{"id":1680,"date":"2022-04-14T23:20:46","date_gmt":"2022-04-14T21:20:46","guid":{"rendered":"https:\/\/jj-c.eu\/?page_id=1680"},"modified":"2023-02-19T22:34:42","modified_gmt":"2023-02-19T21:34:42","slug":"home","status":"publish","type":"page","link":"https:\/\/jj-c.eu\/pl\/","title":{"rendered":"Home"},"content":{"rendered":"<h2><strong>JJ-CAPITAL \u0141\u0104CZYMY BUDOWNICTWO, PRAWO I NIERUCHOMO\u015aCI <\/strong><\/h2>\n<p>Posiadamy bogate, 10-letnie do\u015bwiadczenie w zakresie przygotowania projekt\u00f3w deweloperskich i realizacji projekt\u00f3w budowlanych, na wszystkich etapach, we wsp\u00f3\u0142pracy z czo\u0142owymi deweloperami (hotele, budynki komercyjne i mieszkaniowe), oraz przy realizacji stadion\u00f3w oraz obiekt\u00f3w kulturalnych, w Niemczech, Polsce i Austrii.<\/p>\n<p>Nasi do\u015bwiadczeni pracownicy i wykonawcy, t\u00f3rzy pracuj\u0105 dla nas od wielu lat, s\u0105 naszymi najwa\u017cniejszymi aktywami. Wsp\u00f3\u0142pracuj\u0105 z nami in\u017cynierowie, projektanci i prawnicy, dzi\u0119ki czemu zawsze oferujemy kompleksowe, skuteczne, najwy\u017cszej jako\u015bci i precyzyjne rozwi\u0105zania.<\/p>\n<p>Nasze us\u0142ugi obejmuj\u0105 poszukiwanie grunt\u00f3w, wszystkie fazy projektowania, optymalizacj\u0119 koszt\u00f3w, realizacj\u0119 projekt\u00f3w pod klucz, w tym fit-out, oraz us\u0142ugi prawne.<\/p>\n<p>Przywi\u0105zujemy du\u017c\u0105 wag\u0119 do <strong>dotrzymywania termin\u00f3w <\/strong>oraz<strong> efektywno\u015bci kosztowej<\/strong>, przy zachowaniu <strong>najwy\u017cszej jako\u015bci us\u0142ug<\/strong>.<\/p>\n<h2>Co robimy<\/h2>\n","protected":false},"excerpt":{"rendered":"<p>JJ-CAPITAL \u0141\u0104CZYMY BUDOWNICTWO, PRAWO I NIERUCHOMO\u015aCI Posiadamy bogate, 10-letnie do\u015bwiadczenie w zakresie przygotowania projekt\u00f3w deweloperskich i realizacji projekt\u00f3w budowlanych, na wszystkich etapach, we wsp\u00f3\u0142pracy z czo\u0142owymi deweloperami (hotele, budynki komercyjne i mieszkaniowe), oraz przy realizacji stadion\u00f3w oraz obiekt\u00f3w kulturalnych, w Niemczech, Polsce i Austrii. Nasi do\u015bwiadczeni pracownicy i wykonawcy, t\u00f3rzy pracuj\u0105 dla nas od wielu [&hellip;]<\/p>\n","protected":false},"author":1,"featured_media":0,"parent":0,"menu_order":0,"comment_status":"closed","ping_status":"closed","template":"index.php","meta":{"inline_featured_image":false,"_monsterinsights_skip_tracking":false,"_monsterinsights_sitenote_active":false,"_monsterinsights_sitenote_note":"","_monsterinsights_sitenote_category":0,"footnotes":""},"class_list":["post-1680","page","type-page","status-publish","hentry"],"acf":[],"_links":{"self":[{"href":"https:\/\/jj-c.eu\/pl\/wp-json\/wp\/v2\/pages\/1680","targetHints":{"allow":["GET"]}}],"collection":[{"href":"https:\/\/jj-c.eu\/pl\/wp-json\/wp\/v2\/pages"}],"about":[{"href":"https:\/\/jj-c.eu\/pl\/wp-json\/wp\/v2\/types\/page"}],"author":[{"embeddable":true,"href":"https:\/\/jj-c.eu\/pl\/wp-json\/wp\/v2\/users\/1"}],"replies":[{"embeddable":true,"href":"https:\/\/jj-c.eu\/pl\/wp-json\/wp\/v2\/comments?post=1680"}],"version-history":[{"count":16,"href":"https:\/\/jj-c.eu\/pl\/wp-json\/wp\/v2\/pages\/1680\/revisions"}],"predecessor-version":[{"id":4322,"href":"https:\/\/jj-c.eu\/pl\/wp-json\/wp\/v2\/pages\/1680\/revisions\/4322"}],"wp:attachment":[{"href":"https:\/\/jj-c.eu\/pl\/wp-json\/wp\/v2\/media?parent=1680"}],"curies":[{"name":"wp","href":"https:\/\/api.w.org\/{rel}","templated":true}]}}